{"id":7,"date":"2025-08-24T16:46:55","date_gmt":"2025-08-24T08:46:55","guid":{"rendered":"https:\/\/www.uk88.quest\/\/?page_id=7"},"modified":"2026-03-25T22:34:05","modified_gmt":"2026-03-25T15:34:05","slug":"%e9%a6%96%e9%a1%b5","status":"publish","type":"page","link":"https:\/\/www.uk88.quest\/","title":{"rendered":"\u9996\u9875"},"content":{"rendered":"\n<div class=\"wp-block-cover alignfull\" style=\"margin-top:0px;margin-bottom:0px;padding-top:40px;padding-right:30px;padding-bottom:40px;padding-left:30px;min-height:500px;aspect-ratio:unset;\"><span aria-hidden=\"true\" class=\"wp-block-cover__background has-background-dim-100 has-background-dim has-background-gradient\" style=\"background:linear-gradient(135deg,rgb(53,100,54) 0%,rgb(2,40,4) 100%)\"><\/span><div class=\"wp-block-cover__inner-container is-layout-constrained wp-container-core-cover-is-layout-9092caa8 wp-block-cover-is-layout-constrained\">\n<div class=\"wp-block-group alignfull is-layout-flow wp-block-group-is-layout-flow\" style=\"border-style:none;border-width:0px;min-height:0px;padding-right:20px;padding-left:20px\">\n<div class=\"wp-block-media-text has-media-on-the-right is-stacked-on-mobile is-vertically-aligned-center\" style=\"padding-top:50px;grid-template-columns:auto 40%\"><div class=\"wp-block-media-text__content\">\n<h2 class=\"wp-block-heading has-text-align-left has-white-color has-text-color\"><mark style=\"background-color:rgba(0, 0, 0, 0);color:#fcb900\" class=\"has-inline-color\">Gi\u1edbi Thi\u1ec7u UK88<\/mark><\/h2>\n\n\n\n<p class=\"has-white-color has-text-color\">UK88 cam k\u1ebft mang \u0111\u1ebfn d\u1ecbch v\u1ee5 n\u1ea1p r\u00fat ti\u1ec1n an to\u00e0n, chuy\u00ean nghi\u1ec7p v\u00e0 si\u00eau t\u1ed1c ch\u1ec9 trong v\u00e0i ph\u00fat. \u0110\u1eb7c bi\u1ec7t, h\u1ed9i vi\u00ean t\u1ea1i UK88 s\u1ebd \u0111\u01b0\u1ee3c tham gia h\u00e0ng lo\u1ea1t ch\u01b0\u01a1ng tr\u00ecnh khuy\u1ebfn m\u00e3i c\u00e1 c\u01b0\u1ee3c th\u1ec3 thao si\u00eau h\u1ea5p d\u1eabn, c\u1ee5 th\u1ec3:<\/p>\n\n\n\n<p class=\"has-white-color has-text-color\">\ud83c\udf81Ho\u00e0n tr\u1ea3 kh\u00f4ng gi\u1edbi h\u1ea1n m\u1ed7i ng\u00e0y \u2013 nh\u1eadn th\u01b0\u1edfng kh\u00f4ng d\u1eebng, c\u00e0ng ch\u01a1i c\u00e0ng l\u1eddi.<br>\ud83d\udcb0 Th\u01b0\u1edfng n\u1ea1p c\u1ef1c kh\u1ee7ng h\u00e0ng tu\u1ea7n \u2013 n\u1ea1p ti\u1ec1n l\u00e0 c\u00f3 th\u00eam th\u01b0\u1edfng, kh\u00f4ng gi\u1edbi h\u1ea1n gi\u00e1 tr\u1ecb.<br>\u26bd Ho\u00e0n thua th\u1ec3 thao l\u00ean \u0111\u1ebfn 18,8%\/tu\u1ea7n \u2013 thua v\u1eabn c\u00f3 qu\u00e0, c\u01a1 h\u1ed9i g\u1ee1 v\u1ed1n d\u1ec5 d\u00e0ng.<br>\ud83d\udd25 Hoa h\u1ed3ng c\u1ea5p s\u1ed1 nh\u00e2n m\u1ed7i ng\u00e0y \u2013 nh\u1eadn th\u01b0\u1edfng l\u1edbn, c\u00f3 th\u1ec3 l\u00ean \u0111\u1ebfn ti\u1ec1n t\u1ec9.<\/p>\n\n\n\n<div class=\"wp-block-buttons is-horizontal is-content-justification-left is-layout-flex wp-container-core-buttons-is-layout-a86bb09c wp-block-buttons-is-layout-flex\">\n<div class=\"wp-block-button\"><a class=\"wp-block-button__link wp-element-button\" href=\"https:\/\/www.fun6668.com\/Affiliate\/station.aspx?affiliate=414269&amp;media=3780_0&amp;lng=vi\">\u0110\u0103ng nh\u1eadp<\/a><\/div>\n\n\n\n<div class=\"wp-block-button is-style-outline is-style-outline--1\"><a class=\"wp-block-button__link has-text-align-center wp-element-button\" href=\"https:\/\/www.fun6668.com\/Affiliate\/station.aspx?affiliate=414269&amp;media=3780_0&amp;lng=vi\">\u0110\u0103ng K\u00fd<\/a><\/div>\n<\/div>\n<\/div><figure class=\"wp-block-media-text__media\"><a href=\"https:\/\/www.fun6668.com\/Affiliate\/station.aspx?affiliate=414269&amp;media=3780_0&amp;lng=vi\"><img loading=\"lazy\" decoding=\"async\" width=\"777\" height=\"466\" src=\"https:\/\/www.uk88.quest\/wp-content\/uploads\/2025\/08\/thethao.png\" alt=\"uk88\" class=\"wp-image-156 size-full\" srcset=\"https:\/\/www.uk88.quest\/wp-content\/uploads\/2025\/08\/thethao.png 777w, https:\/\/www.uk88.quest\/wp-content\/uploads\/2025\/08\/thethao-300x180.png 300w, https:\/\/www.uk88.quest\/wp-content\/uploads\/2025\/08\/thethao-768x461.png 768w\" sizes=\"auto, (max-width: 777px) 100vw, 777px\" \/><\/a><\/figure><\/div>\n<\/div>\n<\/div><\/div>\n\n\n\n<div class=\"wp-block-group alignfull has-background is-layout-constrained wp-container-core-group-is-layout-50ac67c1 wp-block-group-is-layout-constrained\" style=\"background-color:#273d36;margin-top:30px;margin-bottom:30px;padding-top:30px;padding-right:0px;padding-bottom:30px;padding-left:0px\">\n<div class=\"wp-block-group alignwide is-vertical is-content-justification-center is-layout-flex wp-container-core-group-is-layout-9d5fb567 wp-block-group-is-layout-flex\" style=\"margin-top:30px;margin-bottom:30px;padding-top:0px;padding-right:20px;padding-bottom:0px;padding-left:20px\">\n<div class=\"wp-block-columns alignwide is-layout-flex wp-container-core-columns-is-layout-70acdbb3 wp-block-columns-is-layout-flex\" style=\"border-radius:0px;padding-right:0px;padding-left:0px\">\n<div class=\"wp-block-column is-vertically-aligned-top has-background is-layout-constrained wp-container-core-column-is-layout-f09d29c3 wp-block-column-is-layout-constrained\" style=\"border-radius:20px;background-color:#112720;padding-top:30px;padding-right:30px;padding-bottom:30px;padding-left:30px;flex-basis:300px\">\n<figure class=\"wp-block-image aligncenter size-large is-resized\"><a href=\"https:\/\/www.fun6668.com\/Affiliate\/station.aspx?affiliate=414269&amp;media=3780_0&amp;lng=vi\"><img decoding=\"async\" src=\"https:\/\/www.uk88.quest\/wp-content\/uploads\/2025\/08\/01-thethao.png\" alt=\"Th\u1ec3 Thao\" style=\"width:250px\"\/><\/a><\/figure>\n\n\n\n<h3 class=\"wp-block-heading has-text-align-center\" style=\"margin-top:16px\">Th\u1ec3 Thao<\/h3>\n\n\n\n<p>S\u00e2n ch\u01a1i c\u00e1 c\u01b0\u1ee3c b\u00f3ng \u0111\u00e1 v\u00e0 th\u1ec3 thao tr\u1ef1c tuy\u1ebfn \u0111\u1ec9nh cao, n\u01a1i b\u1ea1n c\u1eadp nh\u1eadt k\u00e8o nh\u00e0 c\u00e1i, t\u1ef7 s\u1ed1 tr\u1ef1c ti\u1ebfp v\u00e0 nh\u1eadn th\u01b0\u1edfng kh\u1ee7ng m\u1ed7i ng\u00e0y.<\/p>\n<\/div>\n\n\n\n<div class=\"wp-block-column is-vertically-aligned-top has-background is-layout-constrained wp-container-core-column-is-layout-f09d29c3 wp-block-column-is-layout-constrained\" style=\"border-radius:20px;background-color:#112720;padding-top:30px;padding-right:30px;padding-bottom:30px;padding-left:30px;flex-basis:300px\">\n<figure class=\"wp-block-image aligncenter size-large is-resized\"><a href=\"https:\/\/www.fun6668.com\/Affiliate\/station.aspx?affiliate=414269&amp;media=3780_0&amp;lng=vi\"><img decoding=\"async\" src=\"https:\/\/www.uk88.quest\/wp-content\/uploads\/2025\/08\/02-livecasino.png\" alt=\"Live Casino\" style=\"width:250px\"\/><\/a><\/figure>\n\n\n\n<h3 class=\"wp-block-heading has-text-align-center\" style=\"margin-top:16px\">Casino<\/h3>\n\n\n\n<p>Tr\u1ea3i nghi\u1ec7m s\u00f2ng b\u1ea1c tr\u1ef1c tuy\u1ebfn \u0111\u1ec9nh cao v\u1edbi dealer th\u1eadt, tr\u00f2 ch\u01a1i c\u00f4ng b\u1eb1ng v\u00e0 c\u01a1 h\u1ed9i th\u1eafng l\u1edbn ngay trong t\u1eebng v\u00e1n c\u01b0\u1ee3c.<\/p>\n<\/div>\n\n\n\n<div class=\"wp-block-column has-background is-layout-constrained wp-container-core-column-is-layout-3469efac wp-block-column-is-layout-constrained\" style=\"border-radius:20px;background-color:#112720;padding-top:30px;padding-right:30px;padding-bottom:30px;padding-left:30px;flex-basis:300px\">\n<figure class=\"wp-block-image aligncenter size-large is-resized\"><a href=\"https:\/\/www.fun6668.com\/Affiliate\/station.aspx?affiliate=414269&amp;media=3780_0&amp;lng=vi\"><img decoding=\"async\" src=\"https:\/\/www.uk88.quest\/wp-content\/uploads\/2025\/08\/03-daga.png\" alt=\"\u0110\u00e1 g\u00e0\" style=\"width:250px\"\/><\/a><\/figure>\n\n\n\n<h3 class=\"wp-block-heading has-text-align-center\">\u0110\u00e1 g\u00e0<\/h3>\n\n\n\n<p>Tr\u1eadn chi\u1ebfn k\u1ecbch t\u00ednh, \u0111\u1eb7t c\u01b0\u1ee3c gay c\u1ea5n t\u1eebng gi\u00e2y v\u1edbi t\u1ef7 l\u1ec7 th\u01b0\u1edfng c\u1ef1c cao d\u00e0nh cho ng\u01b0\u1eddi ch\u01a1i \u0111am m\u00ea.<\/p>\n<\/div>\n\n\n\n<div class=\"wp-block-column is-vertically-aligned-top has-background is-layout-constrained wp-container-core-column-is-layout-f09d29c3 wp-block-column-is-layout-constrained\" style=\"border-radius:20px;background-color:#112720;padding-top:30px;padding-right:30px;padding-bottom:30px;padding-left:30px;flex-basis:300px\">\n<figure class=\"wp-block-image aligncenter size-large is-resized\"><a href=\"https:\/\/www.fun6668.com\/Affiliate\/station.aspx?affiliate=414269&amp;media=3780_0&amp;lng=vi\"><img decoding=\"async\" src=\"https:\/\/www.uk88.quest\/wp-content\/uploads\/2025\/08\/04-quayso.png\" alt=\"Quay s\u1ed1\" style=\"width:250px\"\/><\/a><\/figure>\n\n\n\n<h3 class=\"wp-block-heading has-text-align-center\" style=\"margin-top:16px\">Quay s\u1ed1<\/h3>\n\n\n\n<p>V\u00f2ng quay may m\u1eafn c\u1ef1c h\u1ea5p d\u1eabn, \u0111\u1eb7t c\u01b0\u1ee3c \u0111\u01a1n gi\u1ea3n, tr\u00fang th\u01b0\u1edfng l\u1edbn ch\u1ec9 trong t\u00edch t\u1eafc.<\/p>\n<\/div>\n<\/div>\n<\/div>\n<\/div>\n\n\n\n<div class=\"wp-block-group alignfull is-layout-constrained wp-container-core-group-is-layout-daae7355 wp-block-group-is-layout-constrained\" style=\"margin-top:50px;margin-bottom:50px;padding-top:0px;padding-right:0px;padding-bottom:0px;padding-left:0px\">\n<h2 class=\"wp-block-heading has-text-align-center\" style=\"margin-top:60px;margin-bottom:60px\">Ch\u01b0\u01a1ng tr\u00ecnh <mark style=\"background-color:rgba(0, 0, 0, 0);color:#7bdcb5\" class=\"has-inline-color\">khuy\u1ebfn m\u00e3i<\/mark><\/h2>\n\n\n\n<div class=\"wp-block-group alignwide is-vertical is-content-justification-center is-layout-flex wp-container-core-group-is-layout-ce155fab wp-block-group-is-layout-flex\">\n<div class=\"wp-block-columns alignwide are-vertically-aligned-top is-layout-flex wp-container-core-columns-is-layout-51f6e2d3 wp-block-columns-is-layout-flex\" style=\"margin-top:0px;margin-bottom:0px;padding-right:30px;padding-left:30px\">\n<div class=\"wp-block-column is-vertically-aligned-top is-layout-flow wp-container-core-column-is-layout-fe0e2ea3 wp-block-column-is-layout-flow\" style=\"flex-basis:400px\">\n<figure class=\"wp-block-image size-large is-style-default\"><a href=\"https:\/\/www.fun6668.com\/Affiliate\/station.aspx?affiliate=414269&amp;media=3780_0&amp;lng=vi\"><img decoding=\"async\" src=\"https:\/\/www.uk88.quest\/wp-content\/themes\/astra\/inc\/assets\/images\/starter-content\/C01-tonghu.png\" alt=\"\"\/><\/a><\/figure>\n\n\n\n<h3 class=\"wp-block-heading\" style=\"margin-top:16px\">Si\u00eau H\u1ea1ng Th\u1ec3 Thao H\u1eb1ng Tu\u1ea7n<\/h3>\n\n\n\n<p>Tham gia ch\u01b0\u01a1ng tr\u00ecnh khuy\u1ebfn m\u00e3i \u0111\u1eb7c bi\u1ec7t m\u1ed7i tu\u1ea7n v\u1edbi t\u1ef7 l\u1ec7 c\u01b0\u1ee3c h\u1ea5p d\u1eabn v\u00e0 c\u01a1 h\u1ed9i nh\u1eadn th\u01b0\u1edfng l\u1edbn!<\/p>\n<\/div>\n\n\n\n<div class=\"wp-block-column is-vertically-aligned-top is-layout-flow wp-container-core-column-is-layout-fe0e2ea3 wp-block-column-is-layout-flow\" style=\"flex-basis:400px\">\n<figure class=\"wp-block-image size-large\"><a href=\"https:\/\/www.fun6668.com\/Affiliate\/station.aspx?affiliate=414269&amp;media=3780_0&amp;lng=vi\"><img decoding=\"async\" src=\"https:\/\/www.uk88.quest\/wp-content\/themes\/astra\/inc\/assets\/images\/starter-content\/C02-hoantien.png\" alt=\"\"\/><\/a><\/figure>\n\n\n\n<h3 class=\"wp-block-heading\" style=\"margin-top:16px\">Ho\u00e0n Ti\u1ec1n 0,8% N\u1ea1p Crypto<\/h3>\n\n\n\n<p>Nh\u1eadn ho\u00e0n ti\u1ec1n ngay l\u1eadp t\u1ee9c khi n\u1ea1p ti\u1ec1n b\u1eb1ng ti\u1ec1n \u0111i\u1ec7n t\u1eed, c\u01a1 h\u1ed9i rinh th\u01b0\u1edfng c\u1ef1c kh\u1ee7ng m\u1ed7i ng\u00e0y!<\/p>\n<\/div>\n\n\n\n<div class=\"wp-block-column is-vertically-aligned-top is-layout-flow wp-container-core-column-is-layout-fe0e2ea3 wp-block-column-is-layout-flow\" style=\"flex-basis:400px\">\n<figure class=\"wp-block-image size-large\"><a href=\"https:\/\/www.fun6668.com\/Affiliate\/station.aspx?affiliate=414269&amp;media=3780_0&amp;lng=vi\"><img decoding=\"async\" src=\"https:\/\/www.uk88.quest\/wp-content\/themes\/astra\/inc\/assets\/images\/starter-content\/C03-giaodich.png\" alt=\"\"\/><\/a><\/figure>\n\n\n\n<h3 class=\"wp-block-heading\" style=\"margin-top:16px\">Giao Dich P2Pthouong 2%<\/h3>\n\n\n\n<p>Th\u01b0\u1edfng 2% m\u1ed7i l\u1ea7n giao d\u1ecbch, nhanh ch\u00f3ng, an to\u00e0n v\u00e0 c\u01a1 h\u1ed9i ki\u1ebfm l\u1eddi kh\u00f4ng gi\u1edbi h\u1ea1n!<\/p>\n<\/div>\n<\/div>\n<\/div>\n<\/div>\n\n\n\n<div class=\"wp-block-group alignfull has-background is-layout-constrained wp-block-group-is-layout-constrained\" style=\"background-color:#273d36;padding-top:143px;padding-bottom:144px\">\n<div class=\"wp-block-media-text alignwide has-media-on-the-right is-stacked-on-mobile is-vertically-aligned-center\" style=\"grid-template-columns:auto 25%\"><div class=\"wp-block-media-text__content\">\n<div class=\"inherit-container-width wp-block-group is-layout-constrained wp-container-core-group-is-layout-21c06ece wp-block-group-is-layout-constrained\" style=\"padding-right:0px\">\n<h2 class=\"wp-block-heading\" style=\"padding-right:40px\">V\u1ec1 <mark style=\"background-color:rgba(0, 0, 0, 0);color:#7bdcb5\" class=\"has-inline-color\">Ch\u00fang T\u00f4i<\/mark><\/h2>\n\n\n\n<p>UK88 \u2013 S\u00e2n ch\u01a1i c\u00e1 c\u01b0\u1ee3c tr\u1ef1c tuy\u1ebfn h\u00e0ng \u0111\u1ea7u Vi\u1ec7t Nam, n\u01a1i h\u1ed9i t\u1ee5 nh\u1eefng game \u0111\u1ec9nh cao t\u1eeb c\u00e1c nh\u00e0 cung c\u1ea5p uy t\u00edn qu\u1ed1c t\u1ebf nh\u01b0 Evolution, VivoGaming, Ezugi, TechPlay, Betradar, SABA Gaming, HIT\u2026 T\u1ea1i UK88, b\u1ea1n c\u00f3 th\u1ec3 tr\u1ea3i nghi\u1ec7m h\u00e0ng ngh\u00ecn tr\u00f2 ch\u01a1i c\u00e1 c\u01b0\u1ee3c h\u1ea5p d\u1eabn: game b\u00e0i, live casino, t\u00e0i x\u1ec9u, ch\u1eb5n l\u1ebb, x\u00f3c \u0111\u0129a, Keno, l\u00f4 \u0111\u1ec1, b\u1eafn c\u00e1, quay s\u1ed1, n\u1ed5 h\u0169\u2026 v\u1edbi t\u1ef7 l\u1ec7 th\u01b0\u1edfng cao v\u00e0 giao di\u1ec7n m\u01b0\u1ee3t m\u00e0.<\/p>\n<\/div>\n\n\n\n<div class=\"wp-block-buttons is-layout-flex wp-block-buttons-is-layout-flex\" style=\"padding-top:20px\">\n<div class=\"wp-block-button\"><a class=\"wp-block-button__link wp-element-button\" href=\"https:\/\/www.fun6668.com\/Affiliate\/station.aspx?affiliate=414269&amp;media=3780_0&amp;lng=vi\">T\u00ecm Hi\u1ec3u Th\u00eam<\/a><\/div>\n<\/div>\n<\/div><figure class=\"wp-block-media-text__media\"><a href=\"https:\/\/www.fun6668.com\/Affiliate\/station.aspx?affiliate=414269&amp;media=3780_0&amp;lng=vi\"><img loading=\"lazy\" decoding=\"async\" width=\"374\" height=\"349\" src=\"https:\/\/www.uk88.quest\/wp-content\/uploads\/2025\/08\/Tablegame.png\" alt=\"\" class=\"wp-image-199 size-full\" srcset=\"https:\/\/www.uk88.quest\/wp-content\/uploads\/2025\/08\/Tablegame.png 374w, https:\/\/www.uk88.quest\/wp-content\/uploads\/2025\/08\/Tablegame-300x280.png 300w\" sizes=\"auto, (max-width: 374px) 100vw, 374px\" \/><\/a><\/figure><\/div>\n<\/div>\n\n\n\n<div class=\"wp-block-group alignfull has-background is-layout-flow wp-block-group-is-layout-flow\" style=\"background:linear-gradient(135deg,rgb(53,100,54) 0%,rgb(2,40,4) 100%);margin-top:0px;margin-bottom:0px;padding-top:100px;padding-right:0px;padding-bottom:100px;padding-left:0px\">\n<h2 class=\"wp-block-heading alignfull has-text-align-center has-text-color\" style=\"color:#ffffff\">Kh\u00e1m Ph\u00e1 <mark style=\"background-color:rgba(0, 0, 0, 0);color:#7bdcb5\" class=\"has-inline-color\">UK88<\/mark><\/h2>\n\n\n\n<p class=\"has-text-align-center\">B\u1eaft \u0110\u1ea7u H\u00e0nh Tr\u00ecnh C\u00e1 C\u01b0\u1ee3c \u0110\u1ec9nh Cao V\u1edbi \u01afu \u0110\u00e3i H\u1ea5p D\u1eabn<\/p>\n\n\n\n<div class=\"wp-block-buttons alignwide is-horizontal is-content-justification-center is-layout-flex wp-container-core-buttons-is-layout-bba8380a wp-block-buttons-is-layout-flex\" style=\"margin-top:50px\">\n<div class=\"wp-block-button\"><a class=\"wp-block-button__link wp-element-button\" href=\"https:\/\/www.fun6668.com\/Affiliate\/station.aspx?affiliate=414269&amp;media=3780_0&amp;lng=vi\">CRIAR CONTA<\/a><\/div>\n<\/div>\n<\/div>\n\n\n\n<p><\/p>\n","protected":false},"excerpt":{"rendered":"<p>Th\u1ec3 Thao S\u00e2n ch\u01a1i c\u00e1 c\u01b0\u1ee3c b\u00f3ng \u0111\u00e1 v\u00e0 th\u1ec3 thao tr\u1ef1c tuy\u1ebfn \u0111\u1ec9nh cao, n\u01a1i b\u1ea1n c\u1eadp nh\u1eadt k\u00e8o [&hellip;]<\/p>\n","protected":false},"author":1,"featured_media":0,"parent":0,"menu_order":0,"comment_status":"closed","ping_status":"closed","template":"","meta":{"site-sidebar-layout":"no-sidebar","site-content-layout":"plain-container","ast-site-content-layout":"default","site-content-style":"default","site-sidebar-style":"default","ast-global-header-display":"","ast-banner-title-visibility":"","ast-main-header-display":"","ast-hfb-above-header-display":"","ast-hfb-below-header-display":"","ast-hfb-mobile-header-display":"","site-post-title":"disabled","ast-breadcrumbs-content":"","ast-featured-img":"","footer-sml-layout":"","theme-transparent-header-meta":"enabled","adv-header-id-meta":"","stick-header-meta":"","header-above-stick-meta":"","header-main-stick-meta":"","header-below-stick-meta":"","astra-migrate-meta-layouts":"default","ast-page-background-enabled":"default","ast-page-background-meta":{"desktop":{"background-color":"var(--ast-global-color-5)","background-image":"","background-repeat":"repeat","background-position":"center center","background-size":"auto","background-attachment":"scroll","background-type":"","background-media":"","overlay-type":"","overlay-color":"","overlay-opacity":"","overlay-gradient":""},"tablet":{"background-color":"","background-image":"","background-repeat":"repeat","background-position":"center center","background-size":"auto","background-attachment":"scroll","background-type":"","background-media":"","overlay-type":"","overlay-color":"","overlay-opacity":"","overlay-gradient":""},"mobile":{"background-color":"","background-image":"","background-repeat":"repeat","background-position":"center center","background-size":"auto","background-attachment":"scroll","background-type":"","background-media":"","overlay-type":"","overlay-color":"","overlay-opacity":"","overlay-gradient":""}},"ast-content-background-meta":{"desktop":{"background-color":"var(--ast-global-color-4)","background-image":"","background-repeat":"repeat","background-position":"center center","background-size":"auto","background-attachment":"scroll","background-type":"","background-media":"","overlay-type":"","overlay-color":"","overlay-opacity":"","overlay-gradient":""},"tablet":{"background-color":"var(--ast-global-color-4)","background-image":"","background-repeat":"repeat","background-position":"center center","background-size":"auto","background-attachment":"scroll","background-type":"","background-media":"","overlay-type":"","overlay-color":"","overlay-opacity":"","overlay-gradient":""},"mobile":{"background-color":"var(--ast-global-color-4)","background-image":"","background-repeat":"repeat","background-position":"center center","background-size":"auto","background-attachment":"scroll","background-type":"","background-media":"","overlay-type":"","overlay-color":"","overlay-opacity":"","overlay-gradient":""}},"footnotes":""},"class_list":["post-7","page","type-page","status-publish","hentry"],"_links":{"self":[{"href":"https:\/\/www.uk88.quest\/index.php\/wp-json\/wp\/v2\/pages\/7","targetHints":{"allow":["GET"]}}],"collection":[{"href":"https:\/\/www.uk88.quest\/index.php\/wp-json\/wp\/v2\/pages"}],"about":[{"href":"https:\/\/www.uk88.quest\/index.php\/wp-json\/wp\/v2\/types\/page"}],"author":[{"embeddable":true,"href":"https:\/\/www.uk88.quest\/index.php\/wp-json\/wp\/v2\/users\/1"}],"replies":[{"embeddable":true,"href":"https:\/\/www.uk88.quest\/index.php\/wp-json\/wp\/v2\/comments?post=7"}],"version-history":[{"count":111,"href":"https:\/\/www.uk88.quest\/index.php\/wp-json\/wp\/v2\/pages\/7\/revisions"}],"predecessor-version":[{"id":217,"href":"https:\/\/www.uk88.quest\/index.php\/wp-json\/wp\/v2\/pages\/7\/revisions\/217"}],"wp:attachment":[{"href":"https:\/\/www.uk88.quest\/index.php\/wp-json\/wp\/v2\/media?parent=7"}],"curies":[{"name":"wp","href":"https:\/\/api.w.org\/{rel}","templated":true}]}}